{"id":15,"date":"2014-03-04T12:46:40","date_gmt":"2014-03-04T10:46:40","guid":{"rendered":"http:\/\/4z3madu.havike.eenet.ee\/wordpress\/?page_id=15"},"modified":"2019-09-05T13:25:25","modified_gmt":"2019-09-05T10:25:25","slug":"oppekorraldusest","status":"publish","type":"page","link":"http:\/\/joelahtmemkk.ee\/?page_id=15","title":{"rendered":"\u00d5ppekorraldusest"},"content":{"rendered":"<p>J\u00f5el\u00e4htme Muusika- ja Kunstikool tegutseb huvikooli seaduse alusel. J\u00f5el\u00e4htme Muusika- ja Kunstikool on J\u00f5el\u00e4htme valla munitsipaalhuvikool, mis t\u00f6\u00f6tab Eesti Haridus- ja Infos\u00fcsteemis kinnitatud \u00f5ppekavade alusel. J\u00f5el\u00e4htme Muusika- ja Kunstikooli \u00f5ppekava v\u00f5imaldab omandada eelprofessionaalseid teadmisi muusikalistes ainetes ja kunsti\u00f5ppes. \u00d5ppeprotsessi k\u00e4igus toimub astmelt astmele liikumine. Omandatud haridus v\u00f5imaldab \u00f5pinguid j\u00e4tkata k\u00f5rgema astme muusika- ja kunstikoolides.<\/p>\n<p><a href=\"http:\/\/joelahtmemkk.ee\/wordpress\/wp-content\/uploads\/2014\/03\/\u00d5ppekorralduse-struktuur.png\" rel=\"attachment wp-att-748\"><img loading=\"lazy\" decoding=\"async\" class=\"alignnone wp-image-748\" src=\"http:\/\/joelahtmemkk.ee\/wordpress\/wp-content\/uploads\/2014\/03\/\u00d5ppekorralduse-struktuur-300x170.png\" alt=\"\u00d5ppekorralduse struktuur\" width=\"478\" height=\"279\" \/><\/a><\/p>\n<p><span style=\"font-size: 10pt;\">J\u00f5el\u00e4htme Muusika- ja Kunstikooli \u00f5ppekorralduse struktuur<\/span><\/p>\n<p>&nbsp;<\/p>\n<p>&nbsp;<\/p>\n<p><strong>\u00d5ppekorralduse l\u00e4htealused<\/strong><\/p>\n<p><strong>Muusikaosakond:<\/strong><\/p>\n<p><strong>P\u00d5HI\u00d5PE <\/strong>on m\u00f5eldud \u00f5pilastele, kes soovivad ja suudavad \u00f5ppida mahukama, enam harjutamist n\u00f5udva \u00f5ppekava j\u00e4rgi.<\/p>\n<p><strong>HUVI\u00d5PE\u00a0<\/strong>Huvi\u00f5ppes toimub \u00f5ppet\u00f6\u00f6 v\u00e4hem mahuka \u00f5ppekava alusel ja n\u00f5udmised on v\u00e4iksemad. P\u00f5hi\u00f5ppest huvi\u00f5ppesse suunatakse \u00f5pilane lapsevanema avalduse v\u00f5i \u00f5ppen\u00f5ukogu otsuse alusel.<\/p>\n<p><strong>VABA\u00d5PE\u00a0<\/strong>\u00d5ppet\u00f6\u00f6 toimub individuaalse \u00f5ppekava alusel, milles on l\u00e4htutud \u00f5ppuri ootustest ja v\u00f5imetest.<\/p>\n<p>&nbsp;<\/p>\n<p><strong>KOOLIASTMETE \u00d5PPEKORRALDUS<\/strong><\/p>\n<ol>\n<li>\u00d5ppeaeg 7 aastat.<\/li>\n<li>\u00d5ppeperiood kestab 35 \u00f5ppen\u00e4dalat.<\/li>\n<li>\u00d5ppeperiood jaguneb neljaks \u00f5ppeveerandiks.<\/li>\n<li>\u00d5ppevaheajad koolis on \u00fcldhariduskoolidega samadel aegadel.<\/li>\n<li>\u00d5ppetunni pikkus on 45 minutit.<\/li>\n<li>\u00d5ppetundide arv ja nende j\u00e4rjekord \u00f5ppep\u00e4evas m\u00e4\u00e4ratakse tunniplaanis, mille kinnitab kooli direktor.<\/li>\n<\/ol>\n<p><strong>\u00a0<\/strong><\/p>\n<p><strong>\u00d5ppet\u00f6\u00f6 toimub \u00f5ppeastmete kaupa:<\/strong><\/p>\n<p>eelkool: 1- 2 \u00f5ppeaastat;<\/p>\n<p>p\u00f5hikool: noorem aste 1.- 4. klass, vanem aste 5.- 7. Klass;<\/p>\n<p>lisa-aasta(d): 1- 2 \u00f5ppeaastat;<\/p>\n<p>&nbsp;<\/p>\n<p><strong>Kunstiosakond:<\/strong><\/p>\n<p>Eelkool (7-10 a.) \u00f5ppeaeg 1-2 a.<\/p>\n<p>P\u00f5hikool (10-16 a.) \u00f5ppeaeg 5 a.<\/p>\n<p>Lisa-aastad<\/p>\n<p>&nbsp;<\/p>\n","protected":false},"excerpt":{"rendered":"<p>J\u00f5el\u00e4htme Muusika- ja Kunstikool tegutseb huvikooli seaduse alusel. J\u00f5el\u00e4htme Muusika- ja Kunstikool on J\u00f5el\u00e4htme valla munitsipaalhuvikool, mis t\u00f6\u00f6tab Eesti Haridus- ja Infos\u00fcsteemis kinnitatud \u00f5ppekavade alusel. J\u00f5el\u00e4htme Muusika- ja Kunstikooli \u00f5ppekava v\u00f5imaldab omandada eelprofessionaalseid teadmisi muusikalistes ainetes ja kunsti\u00f5ppes. \u00d5ppeprotsessi k\u00e4igus toimub astmelt astmele liikumine. Omandatud haridus v\u00f5imaldab \u00f5pinguid j\u00e4tkata k\u00f5rgema astme muusika- ja kunstikoolides. J\u00f5el\u00e4htme Muusika- ja Kunstikooli \u00f5ppekorralduse struktuur &nbsp; &nbsp; \u00d5ppekorralduse l\u00e4htealused Muusikaosakond: P\u00d5HI\u00d5PE on m\u00f5eldud \u00f5pilastele, kes soovivad ja suudavad \u00f5ppida mahukama, enam harjutamist n\u00f5udva \u00f5ppekava j\u00e4rgi. HUVI\u00d5PE\u00a0Huvi\u00f5ppes toimub \u00f5ppet\u00f6\u00f6 v\u00e4hem mahuka \u00f5ppekava alusel ja n\u00f5udmised on v\u00e4iksemad. P\u00f5hi\u00f5ppest huvi\u00f5ppesse suunatakse \u00f5pilane lapsevanema avalduse v\u00f5i \u00f5ppen\u00f5ukogu otsuse alusel. VABA\u00d5PE\u00a0\u00d5ppet\u00f6\u00f6 toimub individuaalse \u00f5ppekava alusel, milles on l\u00e4htutud \u00f5ppuri ootustest ja v\u00f5imetest. &nbsp; KOOLIASTMETE \u00d5PPEKORRALDUS \u00d5ppeaeg 7 aastat. \u00d5ppeperiood kestab 35 \u00f5ppen\u00e4dalat. \u00d5ppeperiood jaguneb neljaks \u00f5ppeveerandiks. \u00d5ppevaheajad koolis on \u00fcldhariduskoolidega samadel aegadel. \u00d5ppetunni pikkus on 45 minutit. \u00d5ppetundide arv ja nende j\u00e4rjekord \u00f5ppep\u00e4evas m\u00e4\u00e4ratakse tunniplaanis, mille kinnitab kooli direktor. \u00a0 \u00d5ppet\u00f6\u00f6 toimub \u00f5ppeastmete kaupa: eelkool: 1- 2 \u00f5ppeaastat; p\u00f5hikool: noorem aste 1.- 4. klass, vanem aste 5.- 7. Klass; lisa-aasta(d): 1- 2 \u00f5ppeaastat; &nbsp; Kunstiosakond: Eelkool (7-10 a.) \u00f5ppeaeg 1-2 a. P\u00f5hikool (10-16 a.) \u00f5ppeaeg 5 a. Lisa-aastad &nbsp;<\/p>\n","protected":false},"author":1,"featured_media":0,"parent":13,"menu_order":1,"comment_status":"open","ping_status":"open","template":"","meta":{"footnotes":""},"class_list":["post-15","page","type-page","status-publish","hentry"],"_links":{"self":[{"href":"http:\/\/joelahtmemkk.ee\/index.php?rest_route=\/wp\/v2\/pages\/15","targetHints":{"allow":["GET"]}}],"collection":[{"href":"http:\/\/joelahtmemkk.ee\/index.php?rest_route=\/wp\/v2\/pages"}],"about":[{"href":"http:\/\/joelahtmemkk.ee\/index.php?rest_route=\/wp\/v2\/types\/page"}],"author":[{"embeddable":true,"href":"http:\/\/joelahtmemkk.ee\/index.php?rest_route=\/wp\/v2\/users\/1"}],"replies":[{"embeddable":true,"href":"http:\/\/joelahtmemkk.ee\/index.php?rest_route=%2Fwp%2Fv2%2Fcomments&post=15"}],"version-history":[{"count":8,"href":"http:\/\/joelahtmemkk.ee\/index.php?rest_route=\/wp\/v2\/pages\/15\/revisions"}],"predecessor-version":[{"id":1564,"href":"http:\/\/joelahtmemkk.ee\/index.php?rest_route=\/wp\/v2\/pages\/15\/revisions\/1564"}],"up":[{"embeddable":true,"href":"http:\/\/joelahtmemkk.ee\/index.php?rest_route=\/wp\/v2\/pages\/13"}],"wp:attachment":[{"href":"http:\/\/joelahtmemkk.ee\/index.php?rest_route=%2Fwp%2Fv2%2Fmedia&parent=15"}],"curies":[{"name":"wp","href":"https:\/\/api.w.org\/{rel}","templated":true}]}}