{"id":17,"date":"2014-03-04T12:46:55","date_gmt":"2014-03-04T10:46:55","guid":{"rendered":"http:\/\/4z3madu.havike.eenet.ee\/wordpress\/?page_id=17"},"modified":"2026-01-13T14:23:54","modified_gmt":"2026-01-13T12:23:54","slug":"tunniplaan","status":"publish","type":"page","link":"http:\/\/joelahtmemkk.ee\/?page_id=17","title":{"rendered":"Tunniplaan 2025\/26"},"content":{"rendered":"<table style=\"font-weight: 400; height: 437px;\" width=\"682\">\n<tbody>\n<tr>\n<td width=\"144\"><strong>Loo MO r\u00fchmatunnid<\/strong><\/td>\n<td width=\"163\"><strong>ESMASP\u00c4EV<\/strong><\/td>\n<td width=\"145\"><strong>TEISIP\u00c4EV<\/strong><\/td>\n<td width=\"173\"><strong>KOLMAP\u00c4EV<\/strong><\/td>\n<td width=\"159\"><strong>NELJAP\u00c4EV<\/strong><\/td>\n<td width=\"144\"><strong>REEDE<\/strong><\/td>\n<\/tr>\n<tr>\n<td width=\"144\">12.00 \u2013 12.45<\/td>\n<td width=\"163\">I C<\/td>\n<td width=\"145\"><\/td>\n<td width=\"173\">I C<\/td>\n<td width=\"159\"><\/td>\n<td width=\"144\">III A<\/td>\n<\/tr>\n<tr>\n<td width=\"144\">13.00 \u2013 13.45<\/td>\n<td width=\"163\">III B<\/td>\n<td width=\"145\">I B<\/td>\n<td width=\"173\">II B<\/td>\n<td width=\"159\">I B<\/td>\n<td width=\"144\">II A<\/td>\n<\/tr>\n<tr>\n<td width=\"144\">14.00 \u2013 14.45<\/td>\n<td width=\"163\">II B<\/td>\n<td width=\"145\">I A<\/td>\n<td width=\"173\">II A<\/td>\n<td width=\"159\">I A \/ IV ML<\/td>\n<td width=\"144\">IV A<\/td>\n<\/tr>\n<tr>\n<td width=\"144\">14.55 \u2013 15.40<\/td>\n<td width=\"163\">IV B<\/td>\n<td width=\"145\">III A<\/td>\n<td width=\"173\">III B \/ V ML<\/td>\n<td width=\"159\">IV B<\/td>\n<td width=\"144\">VII A<\/td>\n<\/tr>\n<tr>\n<td width=\"144\">15.50 \u2013 16.35<\/td>\n<td width=\"163\">V A<\/td>\n<td width=\"145\">V B<\/td>\n<td width=\"173\">IV A<\/td>\n<td width=\"159\">V B \/ VI ML<\/td>\n<td width=\"144\"><\/td>\n<\/tr>\n<tr>\n<td width=\"144\">16.40 \u2013 17.25<\/td>\n<td width=\"163\">VI<\/td>\n<td width=\"145\">VII B<\/td>\n<td width=\"173\">V A<\/td>\n<td width=\"159\">VI \/ VII ML<\/td>\n<td width=\"144\"><\/td>\n<\/tr>\n<tr>\n<td width=\"144\">17.30 \u2013 18.15<\/td>\n<td width=\"163\"><\/td>\n<td width=\"145\">VII A<\/td>\n<td width=\"173\"><\/td>\n<td width=\"159\">VII B<\/td>\n<td width=\"144\"><\/td>\n<\/tr>\n<\/tbody>\n<\/table>\n<p><strong>Loo KO r\u00fchmatunnid<\/strong><\/p>\n<table style=\"font-weight: 400; height: 1160px;\" width=\"682\">\n<tbody>\n<tr>\n<td width=\"197\">ESMASP\u00c4EV<\/p>\n<p>\u00d5p. Margot Kask<\/td>\n<td width=\"193\">TEISIP\u00c4EV<\/p>\n<p>\u00d5p. Anne-Kai Toht<\/td>\n<td width=\"198\">KOLMAP\u00c4EV<\/p>\n<p>\u00d5p. Margot Kask<\/td>\n<td width=\"198\">KOLMAP\u00c4EV<\/p>\n<p>KLASS 2<\/p>\n<p>\u00d5p. Anne-Kai Toht<\/td>\n<td width=\"173\">REEDE<\/p>\n<p>\u00d5p. P\u00f5vvat Kama<\/td>\n<\/tr>\n<tr>\n<td width=\"197\">12.00 \u2013 12.45<\/p>\n<p><strong>I EK<\/strong><\/td>\n<td width=\"193\">12.00 \u2013 12.45<\/p>\n<p><strong>I EK<\/strong><\/td>\n<td width=\"198\">12.00 \u2013 12.45<\/p>\n<p><strong>I PK B M<\/strong><\/td>\n<td width=\"198\"><\/td>\n<td width=\"173\"><\/td>\n<\/tr>\n<tr>\n<td width=\"197\">13.00 \u2013 13.45<\/p>\n<p><strong>I PK A J<\/strong><\/td>\n<td width=\"193\">13.00 \u2013 13.45<\/p>\n<p><strong>II EK<\/strong><\/td>\n<td width=\"198\">12.45 \u2013 13.30<\/p>\n<p><strong>I PK B M<\/strong><\/td>\n<td width=\"198\"><\/td>\n<td width=\"173\">13.00 \u2013 13.45<\/p>\n<p><strong>III PK V\u00d5<\/strong><\/td>\n<\/tr>\n<tr>\n<td width=\"197\">13.45 \u2013 14.30<\/p>\n<p><strong>I PK A J<\/strong><\/td>\n<td width=\"193\">14.00 \u2013 14.45<\/p>\n<p><strong>II PK KA<\/strong><\/td>\n<td width=\"198\">13.45 \u2013 14.30<\/p>\n<p><strong>II EK<\/strong><\/td>\n<td width=\"198\"><\/td>\n<td width=\"173\">13.45 \u2013 14.30<\/p>\n<p><strong>III PK V\u00d5<\/strong><\/td>\n<\/tr>\n<tr>\n<td width=\"197\">14.55 \u2013 15.40<\/p>\n<p><strong>I PK B J<\/strong><\/td>\n<td width=\"193\">14.55 \u2013 15.40<\/p>\n<p><strong>II PK M<\/strong><\/td>\n<td width=\"198\">14.55 \u2013 15.40<\/p>\n<p><strong>I PK A M<\/strong><\/td>\n<td width=\"198\">14.55 \u2013 15.40<\/p>\n<p><strong>IV PK KA<\/strong><\/td>\n<td width=\"173\">14.45 \u2013 15.30<\/p>\n<p><strong>IV PK V\u00d5<\/strong><\/td>\n<\/tr>\n<tr>\n<td width=\"197\">15.40 \u2013 16.25<\/p>\n<p><strong>I PK B J<\/strong><\/td>\n<td width=\"193\">15.40 \u2013 16.25<\/p>\n<p><strong>II PK M<\/strong><\/td>\n<td width=\"198\">15.40 \u2013 16.25<\/p>\n<p><strong>I PK A M<\/strong><\/td>\n<td width=\"198\">15.50 \u2013 16.35<\/p>\n<p><strong>IV PK M<\/strong><\/td>\n<td width=\"173\">15.30 \u2013 16.15<\/p>\n<p><strong>IV PK V\u00d5<\/strong><\/td>\n<\/tr>\n<tr>\n<td width=\"197\">16.30 \u2013 17.15<\/p>\n<p><strong>II PK J<\/strong><\/td>\n<td width=\"193\">16.30 \u2013 17.15<\/p>\n<p><strong>III PK M<\/strong><\/td>\n<td width=\"198\">16.30 \u2013 17.15<\/p>\n<p><strong>III PK KA<\/strong><\/td>\n<td width=\"198\">16.35 \u2013 17.20<\/p>\n<p><strong>IV PK M<\/strong><\/td>\n<td width=\"173\">16.30 \u2013 17.15<\/p>\n<p><strong>V PK V\u00d5<\/strong><\/td>\n<\/tr>\n<tr>\n<td width=\"197\">17.15 \u2013 18.00<\/p>\n<p><strong>II PK J<\/strong><\/td>\n<td width=\"193\">17.15 \u2013 18.00<\/p>\n<p><strong>III PK M<\/strong><\/td>\n<td width=\"198\">17.25 \u2013 18.10<\/p>\n<p><strong>III PK J<\/strong><\/td>\n<td width=\"198\">17.25 \u2013 18.10<\/p>\n<p><strong>V PK KA<\/strong><\/td>\n<td width=\"173\">17.15 \u2013 18.00<\/p>\n<p><strong>V P\u00d5 V\u00d5<\/strong><\/td>\n<\/tr>\n<tr>\n<td width=\"197\">18.05 \u2013 18.50<\/p>\n<p><strong>IV PK J<\/strong><\/td>\n<td width=\"193\">18.05 \u2013 18.50<\/p>\n<p><strong>V PK M<\/strong><\/td>\n<td width=\"198\">18.10 \u2013 18.55<\/p>\n<p><strong>III PK J<\/strong><\/td>\n<td width=\"198\">18.20 \u2013 19.05<\/p>\n<p><strong>V PK J<\/strong><\/td>\n<td width=\"173\"><\/td>\n<\/tr>\n<tr>\n<td width=\"197\">18.50 \u2013 19.35<\/p>\n<p><strong>IV PK J<\/strong><\/td>\n<td width=\"193\">18.50 \u2013 19.35<\/p>\n<p><strong>V PK M<\/strong><\/td>\n<td width=\"198\"><\/td>\n<td width=\"198\">19.05 \u2013 19.50<\/p>\n<p><strong>V PK J<\/strong><\/td>\n<td width=\"173\"><\/td>\n<\/tr>\n<\/tbody>\n<\/table>\n<table style=\"font-weight: 400; height: 430px;\" width=\"680\">\n<tbody>\n<tr>\n<td width=\"151\"><strong>KOSTIVERE MO R\u00dcHMATUNNID<\/strong><\/td>\n<td width=\"223\"><strong>ESMASP\u00c4EV<\/strong><\/td>\n<td width=\"187\"><strong>TEISIP\u00c4EV<\/strong><\/td>\n<td width=\"187\"><strong>KOLMAP\u00c4EV<\/strong><\/td>\n<td width=\"187\"><strong>NELJAP\u00c4EV<\/strong><\/td>\n<\/tr>\n<tr>\n<td width=\"151\">13.40 \u2013 14.25<\/td>\n<td width=\"223\">III<\/td>\n<td width=\"187\">I<\/td>\n<td width=\"187\">I<\/td>\n<td width=\"187\"><\/td>\n<\/tr>\n<tr>\n<td width=\"151\">14.30 \u2013 15.15<\/td>\n<td width=\"223\">II A<\/td>\n<td width=\"187\">II A<\/td>\n<td width=\"187\">II B<\/td>\n<td width=\"187\">IV+V ML<\/td>\n<\/tr>\n<tr>\n<td width=\"151\">15.20 \u2013 16.05<\/td>\n<td width=\"223\">II B<\/td>\n<td width=\"187\">V<\/td>\n<td width=\"187\">III<\/td>\n<td width=\"187\">VI ML<\/td>\n<\/tr>\n<tr>\n<td width=\"151\">16.15 \u2013 17.00<\/td>\n<td width=\"223\">VI<\/td>\n<td width=\"187\">VI<\/td>\n<td width=\"187\">V<\/td>\n<td width=\"187\">VII ML<\/td>\n<\/tr>\n<tr>\n<td width=\"151\">17.05 \u2013 17.50<\/td>\n<td width=\"223\">VII<\/td>\n<td width=\"187\">IV<\/td>\n<td width=\"187\">VII<\/td>\n<td width=\"187\"><\/td>\n<\/tr>\n<tr>\n<td width=\"151\">17.55 \u2013 18.40<\/td>\n<td width=\"223\">IV<\/td>\n<td width=\"187\"><\/td>\n<td width=\"187\"><\/td>\n<td width=\"187\"><\/td>\n<\/tr>\n<\/tbody>\n<\/table>\n<p><strong>Kostivere KO r\u00fchmatunnid<\/strong><\/p>\n<table style=\"font-weight: 400; height: 851px;\" width=\"681\">\n<tbody>\n<tr>\n<td width=\"313\">ESMASP\u00c4EV<\/td>\n<td width=\"313\">TEISIP\u00c4EV<\/td>\n<td width=\"313\">KOLMAP\u00c4EV<\/td>\n<\/tr>\n<tr>\n<td width=\"313\"><\/td>\n<td width=\"313\">12.55 \u2013 13.40<\/p>\n<p><strong>EK<\/strong><\/td>\n<td width=\"313\"><\/td>\n<\/tr>\n<tr>\n<td width=\"313\">13.45 \u2013 14.30<\/p>\n<p><strong>I PK J<\/strong><\/td>\n<td width=\"313\">13.40 \u2013 14.25<\/p>\n<p><strong>EK<\/strong><\/td>\n<td width=\"313\"><strong>\u00a0<\/strong><\/td>\n<\/tr>\n<tr>\n<td width=\"313\">14.30 \u2013 15.15<\/p>\n<p><strong>I PK J<\/strong><\/td>\n<td width=\"313\">14.40 \u2013 15.25<\/p>\n<p><strong>I PK M<\/strong><\/td>\n<td width=\"313\">14.30 \u2013 15.15<\/p>\n<p><strong>III PK KA <\/strong><\/td>\n<\/tr>\n<tr>\n<td width=\"313\">15.20 \u2013 16.05<\/p>\n<p><strong>III PK M<\/strong><\/td>\n<td width=\"313\">15.25 \u2013 16.10<\/p>\n<p><strong>I PK M<\/strong><\/td>\n<td width=\"313\">15.15 \u2013 16.00<\/p>\n<p><strong>III PK J<\/strong><\/td>\n<\/tr>\n<tr>\n<td width=\"313\">16.15 \u2013 17.00<\/p>\n<p><strong>III PK M<\/strong><\/td>\n<td width=\"313\">16.10 \u2013 16.55<\/p>\n<p><strong>V PK M<\/strong><\/td>\n<td width=\"313\">16.10 \u2013 16.55<\/p>\n<p><strong>III PK J<\/strong><\/td>\n<\/tr>\n<tr>\n<td width=\"313\">17.00 \u2013 17.45<\/p>\n<p><strong>III PK M<\/strong><\/td>\n<td width=\"313\">17.05 \u2013 17.50<\/p>\n<p><strong>V PK M<\/strong><\/td>\n<td width=\"313\">17.05 \u2013 17.50<\/p>\n<p><strong>V PK J<\/strong><\/td>\n<\/tr>\n<tr>\n<td width=\"313\"><\/td>\n<td width=\"313\">17.50 \u2013 18.25<\/p>\n<p><strong>V PK M<\/strong><\/td>\n<td width=\"313\">17.50 \u2013 18.25<\/p>\n<p><strong>V PK J<\/strong><\/td>\n<\/tr>\n<\/tbody>\n<\/table>\n<table style=\"height: 90px;\" width=\"682\">\n<tbody>\n<tr>\n<td><strong>Neeme solfed\u017eo<\/strong><\/td>\n<td><strong>ESMASP\u00c4EV<\/strong><\/td>\n<td><strong>NELJAP\u00c4EV<\/strong><\/td>\n<\/tr>\n<tr>\n<td>15.00 &#8211; 15.45<\/td>\n<td>I klass<\/td>\n<td>I klass<\/td>\n<\/tr>\n<tr>\n<td>15.50 &#8211; 16.35<\/td>\n<td>II klass<\/td>\n<td>II klass<\/td>\n<\/tr>\n<tr>\n<td>16.40 &#8211; 17.25<\/td>\n<td>III klass<\/td>\n<td>III klass<\/td>\n<\/tr>\n<tr>\n<td>17.30 &#8211; 18.15<\/td>\n<td>IV klass<\/td>\n<td>IV klass<\/td>\n<\/tr>\n<tr>\n<td>18.15 &#8211; 19.00<\/td>\n<td>VII klass<\/td>\n<td>VII klass<\/td>\n<\/tr>\n<\/tbody>\n<\/table>\n<table style=\"height: 70px;\" width=\"682\">\n<tbody>\n<tr>\n<td><strong>Neeme muusikalugu<\/strong><\/td>\n<td><strong>TEISIP\u00c4EV<\/strong><\/td>\n<td><strong>KOLMAP\u00c4EV<\/strong><\/td>\n<\/tr>\n<tr>\n<td>14.45 &#8211; 15.30<\/td>\n<td>IV klass<\/td>\n<td><\/td>\n<\/tr>\n<tr>\n<td>17.40 &#8211; 18.25<\/td>\n<td><\/td>\n<td>VII klass<\/td>\n<\/tr>\n<\/tbody>\n<\/table>\n","protected":false},"excerpt":{"rendered":"<p>Loo MO r\u00fchmatunnid ESMASP\u00c4EV TEISIP\u00c4EV KOLMAP\u00c4EV NELJAP\u00c4EV REEDE 12.00 \u2013 12.45 I C I C III A 13.00 \u2013 13.45 III B I B II B I B II A 14.00 \u2013 14.45 II B I A II A I A \/ IV ML IV A 14.55 \u2013 15.40 IV B III A III B \/ V ML IV B VII A 15.50 \u2013 16.35 V A V B IV A V B \/ VI ML 16.40 \u2013 17.25 VI VII B V A VI \/ VII ML 17.30 \u2013 18.15 VII A VII B Loo KO r\u00fchmatunnid ESMASP\u00c4EV \u00d5p. Margot Kask TEISIP\u00c4EV \u00d5p. Anne-Kai Toht KOLMAP\u00c4EV \u00d5p. Margot Kask KOLMAP\u00c4EV KLASS 2 \u00d5p. Anne-Kai Toht REEDE \u00d5p. P\u00f5vvat Kama 12.00 \u2013 12.45 I EK 12.00 \u2013 12.45 I EK 12.00 \u2013 12.45 I PK B M 13.00 \u2013 13.45 I PK A J 13.00 \u2013 13.45 II EK 12.45 \u2013 13.30 I PK B M 13.00 \u2013 13.45 III PK V\u00d5 13.45 \u2013 14.30 I PK A J 14.00 \u2013 14.45 II PK KA 13.45 \u2013 14.30 II EK 13.45 \u2013 14.30 III PK V\u00d5 14.55 \u2013 15.40 I PK B J 14.55 \u2013 15.40 II PK M 14.55 \u2013 15.40 I PK A M 14.55 \u2013 15.40 IV PK KA 14.45 \u2013 15.30 IV PK V\u00d5 15.40 \u2013 16.25 I PK B J 15.40 \u2013 16.25 II PK M 15.40 \u2013 16.25 I PK A M 15.50 \u2013 16.35 IV PK M 15.30 \u2013 16.15 IV PK V\u00d5 16.30 \u2013 17.15 II PK J 16.30 \u2013 17.15 III PK M 16.30 \u2013 17.15 III PK KA 16.35 \u2013 17.20 IV PK M 16.30 \u2013 17.15 V PK V\u00d5 17.15 \u2013 18.00 II PK J 17.15 \u2013 18.00 III PK M 17.25 \u2013 18.10 III PK J 17.25 \u2013 18.10 V PK KA 17.15 \u2013 18.00 V P\u00d5 V\u00d5 18.05 \u2013 18.50 IV PK J 18.05 \u2013 18.50 V PK M 18.10 \u2013 18.55 III PK J 18.20 \u2013 19.05 V PK J 18.50 \u2013 19.35 IV PK J 18.50 \u2013 19.35 V PK M 19.05 \u2013 19.50 V PK J KOSTIVERE MO R\u00dcHMATUNNID ESMASP\u00c4EV TEISIP\u00c4EV KOLMAP\u00c4EV NELJAP\u00c4EV 13.40 \u2013 14.25 III I I 14.30 \u2013 15.15 II A II A II B IV+V ML 15.20 \u2013 16.05 II B V III VI ML 16.15 \u2013 17.00 VI VI V VII ML 17.05 \u2013 17.50 VII IV VII 17.55 \u2013 18.40 IV Kostivere KO r\u00fchmatunnid ESMASP\u00c4EV TEISIP\u00c4EV KOLMAP\u00c4EV 12.55 \u2013 13.40 EK 13.45 \u2013 14.30 I PK J 13.40 \u2013 14.25 EK \u00a0 14.30 \u2013 15.15 I PK J 14.40 \u2013 15.25 I PK M 14.30 \u2013 15.15 III PK KA 15.20 \u2013 16.05 III PK M 15.25 \u2013 16.10 I PK M 15.15 \u2013 16.00 III PK J 16.15 \u2013 17.00 III PK M 16.10 \u2013 16.55 V PK M 16.10 \u2013 16.55 III PK J 17.00 \u2013 17.45 III PK M 17.05 \u2013 17.50 V PK M 17.05 \u2013 17.50 V PK J 17.50 \u2013 18.25 V PK M 17.50 \u2013 18.25 V PK J Neeme solfed\u017eo ESMASP\u00c4EV NELJAP\u00c4EV 15.00 &#8211; 15.45 I klass I klass 15.50 &#8211; 16.35 II klass II klass 16.40 &#8211; 17.25 III klass III klass 17.30 &#8211; 18.15 IV klass IV klass 18.15 &#8211; 19.00 VII klass VII klass Neeme muusikalugu TEISIP\u00c4EV KOLMAP\u00c4EV 14.45 &#8211; 15.30 IV klass 17.40 &#8211; 18.25 VII klass<\/p>\n","protected":false},"author":1,"featured_media":0,"parent":13,"menu_order":2,"comment_status":"closed","ping_status":"closed","template":"","meta":{"footnotes":""},"class_list":["post-17","page","type-page","status-publish","hentry"],"_links":{"self":[{"href":"http:\/\/joelahtmemkk.ee\/index.php?rest_route=\/wp\/v2\/pages\/17","targetHints":{"allow":["GET"]}}],"collection":[{"href":"http:\/\/joelahtmemkk.ee\/index.php?rest_route=\/wp\/v2\/pages"}],"about":[{"href":"http:\/\/joelahtmemkk.ee\/index.php?rest_route=\/wp\/v2\/types\/page"}],"author":[{"embeddable":true,"href":"http:\/\/joelahtmemkk.ee\/index.php?rest_route=\/wp\/v2\/users\/1"}],"replies":[{"embeddable":true,"href":"http:\/\/joelahtmemkk.ee\/index.php?rest_route=%2Fwp%2Fv2%2Fcomments&post=17"}],"version-history":[{"count":127,"href":"http:\/\/joelahtmemkk.ee\/index.php?rest_route=\/wp\/v2\/pages\/17\/revisions"}],"predecessor-version":[{"id":3648,"href":"http:\/\/joelahtmemkk.ee\/index.php?rest_route=\/wp\/v2\/pages\/17\/revisions\/3648"}],"up":[{"embeddable":true,"href":"http:\/\/joelahtmemkk.ee\/index.php?rest_route=\/wp\/v2\/pages\/13"}],"wp:attachment":[{"href":"http:\/\/joelahtmemkk.ee\/index.php?rest_route=%2Fwp%2Fv2%2Fmedia&parent=17"}],"curies":[{"name":"wp","href":"https:\/\/api.w.org\/{rel}","templated":true}]}}