{"id":1847,"date":"2020-10-26T10:33:13","date_gmt":"2020-10-26T08:33:13","guid":{"rendered":"http:\/\/joelahtmemkk.ee\/?page_id=1847"},"modified":"2020-11-19T11:29:34","modified_gmt":"2020-11-19T09:29:34","slug":"covid-19","status":"publish","type":"page","link":"http:\/\/joelahtmemkk.ee\/?page_id=1847","title":{"rendered":"Covid-19"},"content":{"rendered":"<p>Viimastel n\u00e4dalatel on h\u00fcppeliselt kasvanud COVID-19 viirusesse nakatunute arv, kahjuks on nakkusjuhtumeid esinenud j\u00e4rjest rohkem ka J\u00f5el\u00e4htme vallas.<\/p>\n<p>Meedias kajastatakse iga p\u00e4ev, kuidas end nakatumise eest hoida, paraku pole meil aga kellelgi garantiid, et viirus meid k\u00f5igest hoolimata ei taba. Teadmatus on alati hirmutav, seet\u00f5ttu koondasime Terviseameti materjalide p\u00f5hjal kokku olulisema info, mida teha, kui Sul on tekkinud s\u00fcmptomid ja on vajadus end testida, kuidas selgitatakse nakatunu l\u00e4hikontaktseid ja eneseisolatsiooni vajadust ning samuti kuidas k\u00e4ituda, kui oled nakatunu l\u00e4hikontaktne.<\/p>\n<ul>\n<li>Kui Sul on <strong>avaldunud s\u00fcmptomid<\/strong>, mis reeglina <strong>avalduvad<\/strong> <strong>5-6 p\u00e4eva p\u00e4rast nakatumist<\/strong>, m\u00f5ningatel juhtudel on inimene nakkusohtlik 1-2 p\u00e4eva enne s\u00fcmptomite avaldumist, siis p\u00fcsi kodus ja helista oma perearstile v\u00f5i perearsti n\u00f5uandeliinile 1220! Perearst hindab testimise vajalikkust ja annab tervisen\u00f5u.<\/li>\n<li><strong>Kui perearst otsustab, et testimine on vajalik<\/strong>, edastab ta elektroonse tellimuse laborisse ning sealt <strong>helistatakse Sulle, et leppida kokku testimise aeg ja koht.<\/strong> J\u00e4\u00e4 k\u00f5net ootama v\u00f5i broneeri endale ise aeg e-registratuuri kaudu.<\/li>\n<li>Testimine toimub ka n\u00e4dalavahetustel ja riiklikel p\u00fchadel.<\/li>\n<li><strong>V\u00f5ta kaasa isikut t\u00f5endav dokument ja mine \u00f5igeks ajaks kokkulepitud kohta<\/strong>! Ninaneelu proovi saab anda vaid elektroonse saatekirja saanud inimene kokkulepitud ajal ja kohas isikut t\u00f5endava dokumendi alusel. Ilma nendeta ei ole m\u00f5tet kohale tulla. Testima tasub tulla \u00fcksi. Oota vastust!<\/li>\n<li><strong>Positiivse proovi andnud inimestele helistatakse kahe t\u00f6\u00f6p\u00e4eva jooksul<\/strong>, vastused kantakse ka digilugu.ee keskkonda. Negatiivse proovi korral sisestatakse anal\u00fc\u00fcsi vastus inimese digilugu.ee lehele, sest k\u00f5iki inimesi l\u00e4bi helistada ei j\u00f5uta.<\/li>\n<li>Kui Sinu proov osutub positiivseks, siis p\u00fcsi kodus ja j\u00e4rgi perearsti eelnevalt antud soovitusi! Tervise halvenemise korral v\u00f5ta uuesti \u00fchendust perearstiga v\u00f5i kutsu kiirabi, helistades numbril 112.<\/li>\n<li><strong>COVID-19 kinnitatud haige peab p\u00fcsima arsti otsusel eneseisolatsioonis.<\/strong><\/li>\n<\/ul>\n<p><strong>Kui inimene on saanud positiivse COVID-19 testi tulemuse, mis saab edasi?<\/strong><\/p>\n<ul>\n<li><strong>Positiivse COVID-19 testi tulemuse saanud inimesega v\u00f5etakse telefoni teel \u00fchendust.<\/strong><\/li>\n<li><strong>Terviseametiga koost\u00f6\u00f6s selgitatakse v\u00e4lja nakkusohtlikkuse ajavahemik ning kaardistatakse nakatunu liikumistrajektoor, l\u00e4hikontaktsed ning l\u00e4hikontaktsete vajadus eneseisolatsiooniks<\/strong>.<\/li>\n<li>Kui Terviseamet <strong>on m\u00e4\u00e4ranud<\/strong> COVID-19 haige <strong>l\u00e4hikontaktse(d)<\/strong> <strong>eneseisolatsiooni<\/strong>, siis tulenevalt viiruse maksimaalsest peiteperioodist <strong>tuleb kodus viibida 14 p\u00e4eva alates l\u00e4hikontaktist<\/strong> (v\u00f5i kuni 10. p\u00e4eval tehtud SARS-CoV-2 PCR negatiivse anal\u00fc\u00fcsi tulemuse selgumiseni) ning j\u00e4lgida oma tervislikku seisundit.<\/li>\n<li>Kui COVID-19 haige l\u00e4hikontaktne on m\u00e4\u00e4ratud eneseisolatsiooni, siis temaga <strong>koos elavad inimesed ei pea eneseisolatsiooni j\u00e4\u00e4ma juhul kui puuduvad haiguss\u00fcmptomid<\/strong>.<\/li>\n<\/ul>\n<p>&nbsp;<\/p>\n<p><strong>Terviseameti k\u00e4itumisjuhised 14-p\u00e4evaseks j\u00e4lgimisperioodiks:<\/strong><\/p>\n<ol>\n<li><strong>Kasutage kaugt\u00f6\u00f6 ja -\u00f5ppimise v\u00f5imalust.<\/strong><\/li>\n<li><strong>\u00c4rge lahkuge oma kodust v\u00f5i viibimiskohast:<\/strong><\/li>\n<\/ol>\n<ul>\n<li>a igap\u00e4evaseks toimetulekuks h\u00e4davajaliku hankimiseks;<\/li>\n<li>a arsti kutsel raviasutuse visiidiks;<\/li>\n<li>a teiste isikutega t\u00e4ielikku kontakti v\u00e4ltides \u00f5ues (pargis, metsas jne) viibimiseks.<\/li>\n<li>a kui 10 p\u00e4eva p\u00e4rast Terviseameti poolt tuvastatud l\u00e4hikontakti tehtud SARS-CoV-2 PCR anal\u00fc\u00fcsi tulemus on negatiivne;<\/li>\n<\/ul>\n<ol start=\"3\">\n<li><strong>J\u00e4rgige terviseohutuse n\u00f5udeid:<\/strong><\/li>\n<\/ol>\n<ul>\n<li>peske regulaarselt seebi ja sooja veega k\u00e4si ja vajadusel desinfitseerige arvestades, et viirus v\u00f5ib levida saastunud esemetelt;<\/li>\n<li>v\u00e4ltige k\u00e4tega n\u00e4o, silmade, suu ja nina puudutamist;<\/li>\n<li>tuulutage regulaarselt ruume (v\u00e4hemalt kaks korda p\u00e4evas minimaalselt 15 minutit korraga);<\/li>\n<li>k\u00f6himisel\/aevastamisel katke nina ja suu paberr\u00e4ti v\u00f5i k\u00e4sivarrega (kasutatud paber visake kohe \u00e4ra ja seej\u00e4rel peske k\u00e4ed).<\/li>\n<\/ul>\n<ol start=\"4\">\n<li>Kui olete sunnitud igap\u00e4evaseks toimetulekuks h\u00e4davajalikku muretsedes viibima avalikus kohas kandke v\u00f5imalusel maski.<\/li>\n<\/ol>\n<p>&nbsp;<\/p>\n<p><strong>Terviseameti <\/strong>lehelt <a href=\"http:\/\/www.terviseamet.ee\">www.terviseamet.ee<\/a> leiab <strong>usaldusv\u00e4\u00e4rse ja ajakohase info<\/strong> viiruspuhangu kohta, samuti <strong>k\u00e4itumisjuhised ja juhendmaterjalid <\/strong>(ka vene ja inglise keeles).<\/p>\n<p>Lae oma mobiiltelefoni ka <strong>HOIA rakendus.<\/strong> HOIA mobiilirakenduse abil saad kiiresti teada v\u00f5imalikust l\u00e4hikontaktist COVID-19 nakatunuga, v\u00f5imaldades sul astuda samme enda ja teiste tervise kaitseks.<\/p>\n<p>Infoallikas: terviseamet.ee<\/p>\n<p>&nbsp;<\/p>\n<p><a href=\"http:\/\/joelahtmemkk.ee\/wp-content\/uploads\/2020\/10\/covid-19-info.png\"><img loading=\"lazy\" decoding=\"async\" class=\"alignnone size-medium wp-image-1873\" src=\"http:\/\/joelahtmemkk.ee\/wp-content\/uploads\/2020\/10\/covid-19-info-300x126.png\" alt=\"\" width=\"300\" height=\"126\" srcset=\"http:\/\/joelahtmemkk.ee\/wp-content\/uploads\/2020\/10\/covid-19-info-300x126.png 300w, http:\/\/joelahtmemkk.ee\/wp-content\/uploads\/2020\/10\/covid-19-info-768x323.png 768w, http:\/\/joelahtmemkk.ee\/wp-content\/uploads\/2020\/10\/covid-19-info-1024x430.png 1024w, http:\/\/joelahtmemkk.ee\/wp-content\/uploads\/2020\/10\/covid-19-info-500x210.png 500w, http:\/\/joelahtmemkk.ee\/wp-content\/uploads\/2020\/10\/covid-19-info.png 1399w\" sizes=\"auto, (max-width: 300px) 100vw, 300px\" \/><\/a><\/p>\n<p>&nbsp;<\/p>\n","protected":false},"excerpt":{"rendered":"<p>Viimastel n\u00e4dalatel on h\u00fcppeliselt kasvanud COVID-19 viirusesse nakatunute arv, kahjuks on nakkusjuhtumeid esinenud j\u00e4rjest rohkem ka J\u00f5el\u00e4htme vallas. Meedias kajastatakse iga p\u00e4ev, kuidas end nakatumise eest hoida, paraku pole meil aga kellelgi garantiid, et viirus meid k\u00f5igest hoolimata ei taba. Teadmatus on alati hirmutav, seet\u00f5ttu koondasime Terviseameti materjalide p\u00f5hjal kokku olulisema info, mida teha, kui Sul on tekkinud s\u00fcmptomid ja on vajadus end testida, kuidas selgitatakse nakatunu l\u00e4hikontaktseid ja eneseisolatsiooni vajadust ning samuti kuidas k\u00e4ituda, kui oled nakatunu l\u00e4hikontaktne. Kui Sul on avaldunud s\u00fcmptomid, mis reeglina avalduvad 5-6 p\u00e4eva p\u00e4rast nakatumist, m\u00f5ningatel juhtudel on inimene nakkusohtlik 1-2 p\u00e4eva enne s\u00fcmptomite avaldumist, siis p\u00fcsi kodus ja helista oma perearstile v\u00f5i perearsti n\u00f5uandeliinile 1220! Perearst hindab testimise vajalikkust ja annab tervisen\u00f5u. Kui perearst otsustab, et testimine on vajalik, edastab ta elektroonse tellimuse laborisse ning sealt helistatakse Sulle, et leppida kokku testimise aeg ja koht. J\u00e4\u00e4 k\u00f5net ootama v\u00f5i broneeri endale ise aeg e-registratuuri kaudu. Testimine toimub ka n\u00e4dalavahetustel ja riiklikel p\u00fchadel. V\u00f5ta kaasa isikut t\u00f5endav dokument ja mine \u00f5igeks ajaks kokkulepitud kohta! Ninaneelu proovi saab anda vaid elektroonse saatekirja saanud inimene kokkulepitud ajal ja kohas isikut t\u00f5endava dokumendi alusel. Ilma nendeta ei ole m\u00f5tet kohale tulla. Testima tasub tulla \u00fcksi. Oota vastust! Positiivse proovi andnud inimestele helistatakse kahe t\u00f6\u00f6p\u00e4eva jooksul, vastused kantakse ka digilugu.ee keskkonda. Negatiivse proovi korral sisestatakse anal\u00fc\u00fcsi vastus inimese digilugu.ee lehele, sest k\u00f5iki inimesi l\u00e4bi helistada ei j\u00f5uta. Kui Sinu proov osutub positiivseks, siis p\u00fcsi kodus ja j\u00e4rgi perearsti eelnevalt antud soovitusi! Tervise halvenemise korral v\u00f5ta uuesti \u00fchendust perearstiga v\u00f5i kutsu kiirabi, helistades numbril 112. COVID-19 kinnitatud haige peab p\u00fcsima arsti otsusel eneseisolatsioonis. Kui inimene on saanud positiivse COVID-19 testi tulemuse, mis saab edasi? Positiivse COVID-19 testi tulemuse saanud inimesega v\u00f5etakse telefoni teel \u00fchendust. Terviseametiga koost\u00f6\u00f6s selgitatakse v\u00e4lja nakkusohtlikkuse ajavahemik ning kaardistatakse nakatunu liikumistrajektoor, l\u00e4hikontaktsed ning l\u00e4hikontaktsete vajadus eneseisolatsiooniks. Kui Terviseamet on m\u00e4\u00e4ranud COVID-19 haige l\u00e4hikontaktse(d) eneseisolatsiooni, siis tulenevalt viiruse maksimaalsest peiteperioodist tuleb kodus viibida 14 p\u00e4eva alates l\u00e4hikontaktist (v\u00f5i kuni 10. p\u00e4eval tehtud SARS-CoV-2 PCR negatiivse anal\u00fc\u00fcsi tulemuse selgumiseni) ning j\u00e4lgida oma tervislikku seisundit. Kui COVID-19 haige l\u00e4hikontaktne on m\u00e4\u00e4ratud eneseisolatsiooni, siis temaga koos elavad inimesed ei pea eneseisolatsiooni j\u00e4\u00e4ma juhul kui puuduvad haiguss\u00fcmptomid. &nbsp; Terviseameti k\u00e4itumisjuhised 14-p\u00e4evaseks j\u00e4lgimisperioodiks: Kasutage kaugt\u00f6\u00f6 ja -\u00f5ppimise v\u00f5imalust. \u00c4rge lahkuge oma kodust v\u00f5i viibimiskohast: a igap\u00e4evaseks toimetulekuks h\u00e4davajaliku hankimiseks; a arsti kutsel raviasutuse visiidiks; a teiste isikutega t\u00e4ielikku kontakti v\u00e4ltides \u00f5ues (pargis, metsas jne) viibimiseks. a kui 10 p\u00e4eva p\u00e4rast Terviseameti poolt tuvastatud l\u00e4hikontakti tehtud SARS-CoV-2 PCR anal\u00fc\u00fcsi tulemus on negatiivne; J\u00e4rgige terviseohutuse n\u00f5udeid: peske regulaarselt seebi ja sooja veega k\u00e4si ja vajadusel desinfitseerige arvestades, et viirus v\u00f5ib levida saastunud esemetelt; v\u00e4ltige k\u00e4tega n\u00e4o, silmade, suu ja nina puudutamist; tuulutage regulaarselt ruume (v\u00e4hemalt kaks korda p\u00e4evas minimaalselt 15 minutit korraga); k\u00f6himisel\/aevastamisel katke nina ja suu paberr\u00e4ti v\u00f5i k\u00e4sivarrega (kasutatud paber visake kohe \u00e4ra ja seej\u00e4rel peske k\u00e4ed). Kui olete sunnitud igap\u00e4evaseks toimetulekuks h\u00e4davajalikku muretsedes viibima avalikus kohas kandke v\u00f5imalusel maski. &nbsp; Terviseameti lehelt www.terviseamet.ee leiab usaldusv\u00e4\u00e4rse ja ajakohase info viiruspuhangu kohta, samuti k\u00e4itumisjuhised ja juhendmaterjalid (ka vene ja inglise keeles). Lae oma mobiiltelefoni ka HOIA rakendus. HOIA mobiilirakenduse abil saad kiiresti teada v\u00f5imalikust l\u00e4hikontaktist COVID-19 nakatunuga, v\u00f5imaldades sul astuda samme enda ja teiste tervise kaitseks. Infoallikas: terviseamet.ee &nbsp; &nbsp;<\/p>\n","protected":false},"author":4,"featured_media":0,"parent":0,"menu_order":0,"comment_status":"closed","ping_status":"closed","template":"","meta":{"footnotes":""},"class_list":["post-1847","page","type-page","status-publish","hentry"],"_links":{"self":[{"href":"http:\/\/joelahtmemkk.ee\/index.php?rest_route=\/wp\/v2\/pages\/1847","targetHints":{"allow":["GET"]}}],"collection":[{"href":"http:\/\/joelahtmemkk.ee\/index.php?rest_route=\/wp\/v2\/pages"}],"about":[{"href":"http:\/\/joelahtmemkk.ee\/index.php?rest_route=\/wp\/v2\/types\/page"}],"author":[{"embeddable":true,"href":"http:\/\/joelahtmemkk.ee\/index.php?rest_route=\/wp\/v2\/users\/4"}],"replies":[{"embeddable":true,"href":"http:\/\/joelahtmemkk.ee\/index.php?rest_route=%2Fwp%2Fv2%2Fcomments&post=1847"}],"version-history":[{"count":5,"href":"http:\/\/joelahtmemkk.ee\/index.php?rest_route=\/wp\/v2\/pages\/1847\/revisions"}],"predecessor-version":[{"id":1874,"href":"http:\/\/joelahtmemkk.ee\/index.php?rest_route=\/wp\/v2\/pages\/1847\/revisions\/1874"}],"wp:attachment":[{"href":"http:\/\/joelahtmemkk.ee\/index.php?rest_route=%2Fwp%2Fv2%2Fmedia&parent=1847"}],"curies":[{"name":"wp","href":"https:\/\/api.w.org\/{rel}","templated":true}]}}