{"id":27,"date":"2014-03-04T12:48:17","date_gmt":"2014-03-04T10:48:17","guid":{"rendered":"http:\/\/4z3madu.havike.eenet.ee\/wordpress\/?page_id=27"},"modified":"2026-04-22T12:05:58","modified_gmt":"2026-04-22T09:05:58","slug":"vastuvott","status":"publish","type":"page","link":"http:\/\/joelahtmemkk.ee\/?page_id=27","title":{"rendered":"Vastuv\u00f5tt"},"content":{"rendered":"<p><u>Vastuv\u00f5tt toimub j\u00e4rgmistele pillierialadele:<\/u><\/p>\r\n<ul>\r\n<li>Lool \u2013 klaver, viiul, kitarr, fl\u00f6\u00f6t, plokkfl\u00f6\u00f6t, trompet, akordion, kannel, saksofon, pop-jazz laul (alates 10.eluaastast)<\/li>\r\n<li>Kostiveres \u2013 klaver, viiul, kitarr<\/li>\r\n<li>Neemes \u2013 klaver, kitarr<\/li>\r\n<\/ul>\r\n<p>Lapsel palume ette valmistada v\u00e4ike lauluke.<\/p>\r\n<p>Vastuv\u00f5tukatsetel hinnatakse:<\/p>\r\n<ul>\r\n<li>R\u00fctmitunnet<\/li>\r\n<li>Helide j\u00e4rellaulmist<\/li>\r\n<li>Harmoonilist kuulmist<\/li>\r\n<\/ul>\r\n<p><strong>Vastuv\u00f5tukatsed muusikaosakonda toimuvad:\u00a0<\/strong><\/p>\r\n<p>\u2022 Lool 08. juunil 2026 kell 17.00 &#8211; 19.00 (muusikakooli saalis- Saha tee 11)<br \/>\u2022 Kostiveres 11. juunil 2026 kell 17.00 &#8211; 19.00\u00a0 (Kostivere m\u00f5isas)<br \/>\u2022 Neemes 11. juunil 2026 kell 17.00 &#8211; 19.00 (Neeme koolis)<\/p>\r\n<p>Sisseastumisavaldused palume lapsevanemal t\u00e4ita eelnevalt ning saata hiljemalt 05. juuniks e-mailile <a href=\"mailto:info@joelahtmemkk.ee\">info@joelahtmemkk.ee<\/a><\/p>\r\n<p><strong>Vastuv\u00f5tt kunstiosakonna eelkooli (I ja II klassi \u00f5pilastele) ja p\u00f5hikooli (alates III klassist)<\/strong>\u00a0toimub samuti avalduse alusel.<br \/>Kunstiosakonda v\u00f5tame \u00f5pilasi vastu ilma katseteta. Sisseastumisavaldusi v\u00f5ib esitada<\/p>\r\n<p>28. augustini, 2026. e-mailile <a href=\"mailto:info@joelahtmemkk.ee\">info@joelahtmemkk.ee<\/a><\/p>\r\n<p>\u00d5ppimine nii muusika- kui kunstiosakonnas on tasuline. \u00d5ppemaksudega on v\u00f5imalik tutvuda kooli kodulehel,\u00a0<a href=\"http:\/\/www.joelahtmemkk.ee\/\">www.joelahtmemkk.ee<\/a><\/p>\r\n<p>Sisseastumisavaldused leiate kooli kodulehelt\u00a0<a href=\"http:\/\/www.joelahtmemkk.ee\/\">www.joelahtmemkk.ee<\/a>\u00a0rubriigi \u201eDokumendid\u201c alt.<\/p>\r\n<p data-select-like-a-boss=\"1\"><strong>\u00a0<\/strong><\/p>\r\n\r\n<figure class=\"wp-block-embed is-type-video is-provider-youtube wp-block-embed-youtube wp-embed-aspect-16-9 wp-has-aspect-ratio\">\r\n<div class=\"wp-block-embed__wrapper\">https:\/\/www.youtube.com\/watch?v=rVQqQu0D4-M<\/div>\r\n<\/figure>\r\n","protected":false},"excerpt":{"rendered":"<p>Vastuv\u00f5tt toimub j\u00e4rgmistele pillierialadele: Lool \u2013 klaver, viiul, kitarr, fl\u00f6\u00f6t, plokkfl\u00f6\u00f6t, trompet, akordion, kannel, saksofon, pop-jazz laul (alates 10.eluaastast) Kostiveres \u2013 klaver, viiul, kitarr Neemes \u2013 klaver, kitarr Lapsel palume ette valmistada v\u00e4ike lauluke. Vastuv\u00f5tukatsetel hinnatakse: R\u00fctmitunnet Helide j\u00e4rellaulmist Harmoonilist kuulmist Vastuv\u00f5tukatsed muusikaosakonda toimuvad:\u00a0 \u2022 Lool 08. juunil 2026 kell 17.00 &#8211; 19.00 (muusikakooli saalis- Saha tee 11)\u2022 Kostiveres 11. juunil 2026 kell 17.00 &#8211; 19.00\u00a0 (Kostivere m\u00f5isas)\u2022 Neemes 11. juunil 2026 kell 17.00 &#8211; 19.00 (Neeme koolis) Sisseastumisavaldused palume lapsevanemal t\u00e4ita eelnevalt ning saata hiljemalt 05. juuniks e-mailile info@joelahtmemkk.ee Vastuv\u00f5tt kunstiosakonna eelkooli (I ja II klassi \u00f5pilastele) ja p\u00f5hikooli (alates III klassist)\u00a0toimub samuti avalduse alusel.Kunstiosakonda v\u00f5tame \u00f5pilasi vastu ilma katseteta. Sisseastumisavaldusi v\u00f5ib esitada 28. augustini, 2026. e-mailile info@joelahtmemkk.ee \u00d5ppimine nii muusika- kui kunstiosakonnas on tasuline. \u00d5ppemaksudega on v\u00f5imalik tutvuda kooli kodulehel,\u00a0www.joelahtmemkk.ee Sisseastumisavaldused leiate kooli kodulehelt\u00a0www.joelahtmemkk.ee\u00a0rubriigi \u201eDokumendid\u201c alt. \u00a0<\/p>\n","protected":false},"author":1,"featured_media":0,"parent":0,"menu_order":4,"comment_status":"closed","ping_status":"closed","template":"","meta":{"footnotes":""},"class_list":["post-27","page","type-page","status-publish","hentry"],"_links":{"self":[{"href":"http:\/\/joelahtmemkk.ee\/index.php?rest_route=\/wp\/v2\/pages\/27","targetHints":{"allow":["GET"]}}],"collection":[{"href":"http:\/\/joelahtmemkk.ee\/index.php?rest_route=\/wp\/v2\/pages"}],"about":[{"href":"http:\/\/joelahtmemkk.ee\/index.php?rest_route=\/wp\/v2\/types\/page"}],"author":[{"embeddable":true,"href":"http:\/\/joelahtmemkk.ee\/index.php?rest_route=\/wp\/v2\/users\/1"}],"replies":[{"embeddable":true,"href":"http:\/\/joelahtmemkk.ee\/index.php?rest_route=%2Fwp%2Fv2%2Fcomments&post=27"}],"version-history":[{"count":66,"href":"http:\/\/joelahtmemkk.ee\/index.php?rest_route=\/wp\/v2\/pages\/27\/revisions"}],"predecessor-version":[{"id":3738,"href":"http:\/\/joelahtmemkk.ee\/index.php?rest_route=\/wp\/v2\/pages\/27\/revisions\/3738"}],"wp:attachment":[{"href":"http:\/\/joelahtmemkk.ee\/index.php?rest_route=%2Fwp%2Fv2%2Fmedia&parent=27"}],"curies":[{"name":"wp","href":"https:\/\/api.w.org\/{rel}","templated":true}]}}