{"id":33,"date":"2014-03-04T12:48:57","date_gmt":"2014-03-04T10:48:57","guid":{"rendered":"http:\/\/4z3madu.havike.eenet.ee\/wordpress\/?page_id=33"},"modified":"2020-10-21T15:05:13","modified_gmt":"2020-10-21T12:05:13","slug":"dokumendid","status":"publish","type":"page","link":"http:\/\/joelahtmemkk.ee\/?page_id=33","title":{"rendered":"Dokumendid"},"content":{"rendered":"<p><a href=\"http:\/\/joelahtmemkk.ee\/wp-content\/uploads\/2014\/03\/\u00d5pilaste-vastuv\u00f5tmise-ja-v\u00e4ljaarvamise-kord-m\u00e4\u00e4rus.pdf\">\u00d5pilaste-vastuv\u00f5tmise-ja-v\u00e4ljaarvamise-kord-m\u00e4\u00e4rus<\/a><\/p>\n<p>&nbsp;<\/p>\n<p>J\u00f5el\u00e4htme MKK vastuv\u00f5tuavalduse vormi t\u00e4itmisel tuleb lisaks t\u00e4ita\u00a0<strong>dokument<\/strong><strong> \u00a0&#8220;N\u00f5usolek isikuandmete t\u00f6\u00f6tlemiseks&#8220;.<\/strong><\/p>\n<p><strong>\u00a0<\/strong>Antud dokumendi t\u00e4itmine on kohustuslik.\u00a0 \u00a0 \u00a0 \u00a0 \u00a0 \u00a0 \u00a0 \u00a0 \u00a0 \u00a0 \u00a0 \u00a0 \u00a0 \u00a0 \u00a0 \u00a0 \u00a0 \u00a0 \u00a0 \u00a0 \u00a0 \u00a0 \u00a0 \u00a0 \u00a0 \u00a0 \u00a0 \u00a0 \u00a0 \u00a0Mittet\u00e4itmise korral ei ole meil v\u00f5imalik aksepteerida ka vastuv\u00f5tuavaldust.<\/p>\n<p>&nbsp;<\/p>\n<p><a href=\"http:\/\/joelahtmemkk.ee\/wp-content\/uploads\/2014\/03\/JMKK-vastuv\u00f5tuavalduse-vorm.rtf\">JMKK vastuv\u00f5tuavalduse vorm<\/a><\/p>\n<p><a href=\"http:\/\/joelahtmemkk.ee\/wp-content\/uploads\/2020\/02\/N\u00f5usolek-isikuandmete-t\u00f6\u00f6tlemiseks.docx\">N\u00f5usolek isikuandmete t\u00f6\u00f6tlemiseks<\/a><\/p>\n<p>&nbsp;<\/p>\n<p><a href=\"http:\/\/joelahtmemkk.ee\/wp-content\/uploads\/2014\/03\/JMKK-v\u00e4ljaarvamisavalduse-vorm.docx\">JMKK v\u00e4ljaarvamisavalduse vorm<\/a><\/p>\n<p>&nbsp;<\/p>\n<p>&nbsp;<\/p>\n<p>&nbsp;<\/p>\n<p>&nbsp;<\/p>\n","protected":false},"excerpt":{"rendered":"<p>\u00d5pilaste-vastuv\u00f5tmise-ja-v\u00e4ljaarvamise-kord-m\u00e4\u00e4rus &nbsp; J\u00f5el\u00e4htme MKK vastuv\u00f5tuavalduse vormi t\u00e4itmisel tuleb lisaks t\u00e4ita\u00a0dokument \u00a0&#8220;N\u00f5usolek isikuandmete t\u00f6\u00f6tlemiseks&#8220;. \u00a0Antud dokumendi t\u00e4itmine on kohustuslik.\u00a0 \u00a0 \u00a0 \u00a0 \u00a0 \u00a0 \u00a0 \u00a0 \u00a0 \u00a0 \u00a0 \u00a0 \u00a0 \u00a0 \u00a0 \u00a0 \u00a0 \u00a0 \u00a0 \u00a0 \u00a0 \u00a0 \u00a0 \u00a0 \u00a0 \u00a0 \u00a0 \u00a0 \u00a0 \u00a0Mittet\u00e4itmise korral ei ole meil v\u00f5imalik aksepteerida ka vastuv\u00f5tuavaldust. &nbsp; JMKK vastuv\u00f5tuavalduse vorm N\u00f5usolek isikuandmete t\u00f6\u00f6tlemiseks &nbsp; JMKK v\u00e4ljaarvamisavalduse vorm &nbsp; &nbsp; &nbsp; &nbsp;<\/p>\n","protected":false},"author":1,"featured_media":0,"parent":0,"menu_order":7,"comment_status":"closed","ping_status":"closed","template":"","meta":{"footnotes":""},"class_list":["post-33","page","type-page","status-publish","hentry"],"_links":{"self":[{"href":"http:\/\/joelahtmemkk.ee\/index.php?rest_route=\/wp\/v2\/pages\/33","targetHints":{"allow":["GET"]}}],"collection":[{"href":"http:\/\/joelahtmemkk.ee\/index.php?rest_route=\/wp\/v2\/pages"}],"about":[{"href":"http:\/\/joelahtmemkk.ee\/index.php?rest_route=\/wp\/v2\/types\/page"}],"author":[{"embeddable":true,"href":"http:\/\/joelahtmemkk.ee\/index.php?rest_route=\/wp\/v2\/users\/1"}],"replies":[{"embeddable":true,"href":"http:\/\/joelahtmemkk.ee\/index.php?rest_route=%2Fwp%2Fv2%2Fcomments&post=33"}],"version-history":[{"count":33,"href":"http:\/\/joelahtmemkk.ee\/index.php?rest_route=\/wp\/v2\/pages\/33\/revisions"}],"predecessor-version":[{"id":1846,"href":"http:\/\/joelahtmemkk.ee\/index.php?rest_route=\/wp\/v2\/pages\/33\/revisions\/1846"}],"wp:attachment":[{"href":"http:\/\/joelahtmemkk.ee\/index.php?rest_route=%2Fwp%2Fv2%2Fmedia&parent=33"}],"curies":[{"name":"wp","href":"https:\/\/api.w.org\/{rel}","templated":true}]}}