{"id":37,"date":"2014-03-04T12:49:28","date_gmt":"2014-03-04T10:49:28","guid":{"rendered":"http:\/\/4z3madu.havike.eenet.ee\/wordpress\/?page_id=37"},"modified":"2018-08-13T11:08:50","modified_gmt":"2018-08-13T08:08:50","slug":"pohimaarus","status":"publish","type":"page","link":"http:\/\/joelahtmemkk.ee\/?page_id=37","title":{"rendered":"P\u00f5him\u00e4\u00e4rus"},"content":{"rendered":"<p><a href=\"http:\/\/joelahtmemkk.ee\/wp-content\/uploads\/2014\/03\/P\u00f5him\u00e4\u00e4rus-nr.16-28.09.2017.pdf\">P\u00f5him\u00e4\u00e4rus nr.16 28.09.2017<\/a><\/p>\n","protected":false},"excerpt":{"rendered":"<p>P\u00f5him\u00e4\u00e4rus nr.16 28.09.2017<\/p>\n","protected":false},"author":1,"featured_media":0,"parent":33,"menu_order":2,"comment_status":"closed","ping_status":"closed","template":"","meta":{"footnotes":""},"class_list":["post-37","page","type-page","status-publish","hentry"],"_links":{"self":[{"href":"http:\/\/joelahtmemkk.ee\/index.php?rest_route=\/wp\/v2\/pages\/37","targetHints":{"allow":["GET"]}}],"collection":[{"href":"http:\/\/joelahtmemkk.ee\/index.php?rest_route=\/wp\/v2\/pages"}],"about":[{"href":"http:\/\/joelahtmemkk.ee\/index.php?rest_route=\/wp\/v2\/types\/page"}],"author":[{"embeddable":true,"href":"http:\/\/joelahtmemkk.ee\/index.php?rest_route=\/wp\/v2\/users\/1"}],"replies":[{"embeddable":true,"href":"http:\/\/joelahtmemkk.ee\/index.php?rest_route=%2Fwp%2Fv2%2Fcomments&post=37"}],"version-history":[{"count":7,"href":"http:\/\/joelahtmemkk.ee\/index.php?rest_route=\/wp\/v2\/pages\/37\/revisions"}],"predecessor-version":[{"id":1354,"href":"http:\/\/joelahtmemkk.ee\/index.php?rest_route=\/wp\/v2\/pages\/37\/revisions\/1354"}],"up":[{"embeddable":true,"href":"http:\/\/joelahtmemkk.ee\/index.php?rest_route=\/wp\/v2\/pages\/33"}],"wp:attachment":[{"href":"http:\/\/joelahtmemkk.ee\/index.php?rest_route=%2Fwp%2Fv2%2Fmedia&parent=37"}],"curies":[{"name":"wp","href":"https:\/\/api.w.org\/{rel}","templated":true}]}}