{"id":8,"date":"2014-03-04T12:45:25","date_gmt":"2014-03-04T10:45:25","guid":{"rendered":"http:\/\/4z3madu.havike.eenet.ee\/wordpress\/?page_id=8"},"modified":"2024-09-17T13:19:36","modified_gmt":"2024-09-17T10:19:36","slug":"opilased","status":"publish","type":"page","link":"http:\/\/joelahtmemkk.ee\/?page_id=8","title":{"rendered":"\u00d5pilased"},"content":{"rendered":"<h2>Muusikaosakond<\/h2>\n<table>\n<tbody>\n<tr>\n<td><\/td>\n<td><strong>Loo<\/strong><\/td>\n<td><strong>Kostivere<\/strong><\/td>\n<td><strong>Neeme<\/strong><\/td>\n<td><strong>Kokku<\/strong><\/td>\n<\/tr>\n<tr>\n<td><strong>Eelkool<\/strong><\/td>\n<td><\/td>\n<td><\/td>\n<td><\/td>\n<td><\/td>\n<\/tr>\n<tr>\n<td><strong>Klaver<\/strong><\/td>\n<td>36<\/td>\n<td>17<\/td>\n<td>15<\/td>\n<td>68<\/td>\n<\/tr>\n<tr>\n<td><strong>Kitarr<\/strong><\/td>\n<td>19<\/td>\n<td>5<\/td>\n<td>9<\/td>\n<td>33<\/td>\n<\/tr>\n<tr>\n<td><strong>Kromaatiline kannel<\/strong><\/td>\n<td>6<\/td>\n<td><\/td>\n<td><\/td>\n<td>6<\/td>\n<\/tr>\n<tr>\n<td><strong>Viiul<\/strong><\/td>\n<td>12<\/td>\n<td>5<\/td>\n<td><\/td>\n<td>17<\/td>\n<\/tr>\n<tr>\n<td><strong>Plokkfl\u00f6\u00f6t<\/strong><\/td>\n<td>6<\/td>\n<td>1<\/td>\n<td><\/td>\n<td>7<\/td>\n<\/tr>\n<tr>\n<td><strong>P\u00f5ikfl\u00f6\u00f6t<\/strong><\/td>\n<td><\/td>\n<td><\/td>\n<td><\/td>\n<td><\/td>\n<\/tr>\n<tr>\n<td><strong>Trompet<\/strong><\/td>\n<td><\/td>\n<td>4<\/td>\n<td><\/td>\n<td>4<\/td>\n<\/tr>\n<tr>\n<td><strong>Saksofon<\/strong><\/td>\n<td>5<\/td>\n<td><\/td>\n<td><\/td>\n<td>5<\/td>\n<\/tr>\n<tr>\n<td><strong>Akordion<\/strong><\/td>\n<td>3<\/td>\n<td>1<\/td>\n<td><\/td>\n<td>4<\/td>\n<\/tr>\n<tr>\n<td><strong>Pop-jazz laul<\/strong><\/td>\n<td>\u00a04<\/td>\n<td><\/td>\n<td><\/td>\n<td>\u00a04<\/td>\n<\/tr>\n<\/tbody>\n<\/table>\n<h2><\/h2>\n<h2>Kunstiosakond<\/h2>\n<table>\n<tbody>\n<tr>\n<td><\/td>\n<td><strong>Loo<\/strong><\/td>\n<td><strong>Kostivere<\/strong><\/td>\n<td><strong>Kokku<\/strong><\/td>\n<\/tr>\n<tr>\n<td><strong>Eelkool<\/strong><\/td>\n<td>16<\/td>\n<td>5<\/td>\n<td>21<\/td>\n<\/tr>\n<tr>\n<td><strong>P\u00f5hikool<\/strong><\/td>\n<td>29<\/td>\n<td>10<\/td>\n<td>39<\/td>\n<\/tr>\n<tr>\n<td><strong>Vaba\u00f5pe<\/strong><\/td>\n<td><\/td>\n<td>2<\/td>\n<td>2<\/td>\n<\/tr>\n<\/tbody>\n<\/table>\n<p>&nbsp;<\/p>\n<p>Muusikaosakonnas \u00f5pib kokku 148 ja kunstiosakonnas 62 \u00f5pilast. Neist 17 \u00f5pilast \u00f5pib m\u00f5lemas osakonnas.<\/p>\n","protected":false},"excerpt":{"rendered":"<p>Muusikaosakond Loo Kostivere Neeme Kokku Eelkool Klaver 36 17 15 68 Kitarr 19 5 9 33 Kromaatiline kannel 6 6 Viiul 12 5 17 Plokkfl\u00f6\u00f6t 6 1 7 P\u00f5ikfl\u00f6\u00f6t Trompet 4 4 Saksofon 5 5 Akordion 3 1 4 Pop-jazz laul \u00a04 \u00a04 Kunstiosakond Loo Kostivere Kokku Eelkool 16 5 21 P\u00f5hikool 29 10 39 Vaba\u00f5pe 2 2 &nbsp; Muusikaosakonnas \u00f5pib kokku 148 ja kunstiosakonnas 62 \u00f5pilast. Neist 17 \u00f5pilast \u00f5pib m\u00f5lemas osakonnas.<\/p>\n","protected":false},"author":1,"featured_media":0,"parent":4,"menu_order":3,"comment_status":"open","ping_status":"open","template":"","meta":{"footnotes":""},"class_list":["post-8","page","type-page","status-publish","hentry"],"_links":{"self":[{"href":"http:\/\/joelahtmemkk.ee\/index.php?rest_route=\/wp\/v2\/pages\/8","targetHints":{"allow":["GET"]}}],"collection":[{"href":"http:\/\/joelahtmemkk.ee\/index.php?rest_route=\/wp\/v2\/pages"}],"about":[{"href":"http:\/\/joelahtmemkk.ee\/index.php?rest_route=\/wp\/v2\/types\/page"}],"author":[{"embeddable":true,"href":"http:\/\/joelahtmemkk.ee\/index.php?rest_route=\/wp\/v2\/users\/1"}],"replies":[{"embeddable":true,"href":"http:\/\/joelahtmemkk.ee\/index.php?rest_route=%2Fwp%2Fv2%2Fcomments&post=8"}],"version-history":[{"count":8,"href":"http:\/\/joelahtmemkk.ee\/index.php?rest_route=\/wp\/v2\/pages\/8\/revisions"}],"predecessor-version":[{"id":3255,"href":"http:\/\/joelahtmemkk.ee\/index.php?rest_route=\/wp\/v2\/pages\/8\/revisions\/3255"}],"up":[{"embeddable":true,"href":"http:\/\/joelahtmemkk.ee\/index.php?rest_route=\/wp\/v2\/pages\/4"}],"wp:attachment":[{"href":"http:\/\/joelahtmemkk.ee\/index.php?rest_route=%2Fwp%2Fv2%2Fmedia&parent=8"}],"curies":[{"name":"wp","href":"https:\/\/api.w.org\/{rel}","templated":true}]}}