{"id":846,"date":"2016-09-12T15:43:02","date_gmt":"2016-09-12T12:43:02","guid":{"rendered":"http:\/\/joelahtmemkk.ee\/?page_id=846"},"modified":"2019-07-09T12:26:08","modified_gmt":"2019-07-09T09:26:08","slug":"oppekava","status":"publish","type":"page","link":"http:\/\/joelahtmemkk.ee\/?page_id=846","title":{"rendered":"\u00d5ppekava"},"content":{"rendered":"<p><a href=\"http:\/\/joelahtmemkk.ee\/wp-content\/uploads\/2016\/09\/J\u00d5EL\u00c4HTME-MKK-muusikaosakonna-\u00d5PPEKAVA-kodulehel-\u00fcleval.doc\">J\u00d5EL\u00c4HTME MKK muusikaosakonna \u00d5PPEKAVA kodulehel \u00fcleval<\/a><\/p>\n<p><a href=\"http:\/\/joelahtmemkk.ee\/wp-content\/uploads\/2016\/09\/3-1-1-29.06.2011-Kunsti-\u00f5ppekava-J\u00f5el\u00e4htme-MKK-\u00fcldine.pdf\">Kunsti \u00f5ppekava J\u00f5el\u00e4htme MKK<\/a><\/p>\n","protected":false},"excerpt":{"rendered":"<p>J\u00d5EL\u00c4HTME MKK muusikaosakonna \u00d5PPEKAVA kodulehel \u00fcleval Kunsti \u00f5ppekava J\u00f5el\u00e4htme MKK<\/p>\n","protected":false},"author":3,"featured_media":0,"parent":15,"menu_order":0,"comment_status":"closed","ping_status":"closed","template":"","meta":{"footnotes":""},"class_list":["post-846","page","type-page","status-publish","hentry"],"_links":{"self":[{"href":"http:\/\/joelahtmemkk.ee\/index.php?rest_route=\/wp\/v2\/pages\/846","targetHints":{"allow":["GET"]}}],"collection":[{"href":"http:\/\/joelahtmemkk.ee\/index.php?rest_route=\/wp\/v2\/pages"}],"about":[{"href":"http:\/\/joelahtmemkk.ee\/index.php?rest_route=\/wp\/v2\/types\/page"}],"author":[{"embeddable":true,"href":"http:\/\/joelahtmemkk.ee\/index.php?rest_route=\/wp\/v2\/users\/3"}],"replies":[{"embeddable":true,"href":"http:\/\/joelahtmemkk.ee\/index.php?rest_route=%2Fwp%2Fv2%2Fcomments&post=846"}],"version-history":[{"count":6,"href":"http:\/\/joelahtmemkk.ee\/index.php?rest_route=\/wp\/v2\/pages\/846\/revisions"}],"predecessor-version":[{"id":1545,"href":"http:\/\/joelahtmemkk.ee\/index.php?rest_route=\/wp\/v2\/pages\/846\/revisions\/1545"}],"up":[{"embeddable":true,"href":"http:\/\/joelahtmemkk.ee\/index.php?rest_route=\/wp\/v2\/pages\/15"}],"wp:attachment":[{"href":"http:\/\/joelahtmemkk.ee\/index.php?rest_route=%2Fwp%2Fv2%2Fmedia&parent=846"}],"curies":[{"name":"wp","href":"https:\/\/api.w.org\/{rel}","templated":true}]}}